{"id":910,"date":"2023-03-09T17:53:16","date_gmt":"2023-03-09T16:53:16","guid":{"rendered":"https:\/\/serrycamp.es\/dichiarazione-di-accessibilita\/"},"modified":"2024-06-10T16:46:36","modified_gmt":"2024-06-10T14:46:36","slug":"dichiarazione-di-accessibilita","status":"publish","type":"page","link":"https:\/\/serrycamp.es\/it\/dichiarazione-di-accessibilita\/","title":{"rendered":"Dichiarazione di accessibilit\u00e0"},"content":{"rendered":"<p>La societ\u00e0 GRUPO L\u00c1CTEO SERRYCAMP S.L.U. si impegna a rendere accessibile il proprio sito web in conformit\u00e0 al Regio Decreto 1112\/2018, del 7 settembre, sull&#8217;accessibilit\u00e0 dei siti web del settore pubblico e delle applicazioni per dispositivi mobili, o sviluppi finanziati dall&#8217;Europa.<\/p>\n<p>Questa dichiarazione di accessibilit\u00e0 si applica al sito web <a href=\"https:\/\/serrycamp.es\/it\/\">https:\/\/serrycamp.es\/<\/a>, esclusi i contenuti incorporati di altri domini.<\/p>\n<p><strong>Stato di conformit\u00e0<\/strong><\/p>\n<p>Questo sito web \u00e8 parzialmente conforme al RD 1112\/2018 a causa della non conformit\u00e0 dei seguenti aspetti.<\/p>\n<p><strong>Contenuto non accessibile<\/strong><\/p>\n<p>Il contenuto sottostante non \u00e8 accessibile per i seguenti motivi:<\/p>\n<ul>\n<li>Non conformit\u00e0:\n<ul>\n<li>\u00c8 possibile che sullo schermo compaiano elementi che non sono correttamente identificati dal loro messaggio di stato o dal loro ruolo &#8211; &#8211; Requisito numero 9.4.1.3 Messaggi di stato di UNE-EN 301549:2022<\/li>\n<li>In alcune pagine web possono essere presenti errori di editing.<\/li>\n<\/ul>\n<\/li>\n<li>Onere sproporzionato: non applicabile.<\/li>\n<li>Il contenuto non rientra nell&#8217;ambito di applicazione della normativa vigente.<\/li>\n<\/ul>\n<p>\u00c8 possibile che esistano file di ufficio in PDF o in altri formati pubblicati prima del 20 settembre 2018 che non sono pienamente conformi a tutti i requisiti di accessibilit\u00e0.<br \/>\nPotrebbero esserci contenuti di terze parti non sviluppati da questa Unit\u00e0 o sotto il suo controllo, come ad esempio file di office automation di diverse agenzie che devono essere pubblicati su questo sito.<\/p>\n<p><strong>Osservazioni e contatti<\/strong><\/p>\n<p>\u00c8 possibile effettuare comunicazioni sui requisiti di accessibilit\u00e0 [articolo 10.2.a) della DGR 1112\/2018] come, ad esempio:<\/p>\n<ul>\n<li>Per segnalare eventuali non conformit\u00e0 da parte di questo sito web.<\/li>\n<li>Convogliare altre difficolt\u00e0 di accesso ai contenuti.<\/li>\n<li>Per qualsiasi altra richiesta o suggerimento di miglioramento in merito all&#8217;accessibilit\u00e0 del sito web, si prega di utilizzare il seguente <a href=\"https:\/\/serrycamp.es\/it\/contatto\/\">modulo di contatto <\/a>o di chiamare il numero 918 910 813 dalle 9:00 alle 14:00 dal luned\u00ec al venerd\u00ec.<\/li>\n<\/ul>\n<p>\u00c8 possibile inviare:<\/p>\n<ul>\n<li>Un reclamo relativo al rispetto dei requisiti della DGR 1112\/2018<\/li>\n<li>Una richiesta di informazioni accessibili relativa a:\n<ul>\n<li>Contenuti che sono esclusi dall&#8217;ambito di applicazione della DGR 1112\/2018 come stabilito dall&#8217;articolo 3, paragrafo 4.<\/li>\n<li>Contenuti che sono esenti dai requisiti di accessibilit\u00e0 perch\u00e9 impongono un onere sproporzionato.<\/li>\n<\/ul>\n<\/li>\n<\/ul>\n<p>La richiesta di informazioni accessibili deve indicare chiaramente i fatti, le ragioni e la richiesta, in modo da stabilire che la richiesta \u00e8 ragionevole e legittima.<\/p>\n","protected":false},"excerpt":{"rendered":"<p>La societ\u00e0 GRUPO L\u00c1CTEO SERRYCAMP S.L.U. si impegna a rendere accessibile il proprio sito web in conformit\u00e0 al Regio Decreto 1112\/2018, del 7 settembre, sull&#8217;accessibilit\u00e0 dei&hellip; <a class=\"continue\" href=\"https:\/\/serrycamp.es\/it\/dichiarazione-di-accessibilita\/\">Seguir leyendo<span> Dichiarazione di accessibilit\u00e0<\/span><\/a><\/p>\n","protected":false},"author":1,"featured_media":0,"parent":0,"menu_order":0,"comment_status":"closed","ping_status":"closed","template":"","meta":{"_monsterinsights_skip_tracking":false,"_monsterinsights_sitenote_active":false,"_monsterinsights_sitenote_note":"","_monsterinsights_sitenote_category":0,"footnotes":""},"class_list":["post-910","page","type-page","status-publish","hentry"],"yoast_head":"<!-- This site is optimized with the Yoast SEO plugin v21.7 - https:\/\/yoast.com\/wordpress\/plugins\/seo\/ -->\n<title>Dichiarazione di accessibilit\u00e0 - serrycamp<\/title>\n<meta name=\"robots\" content=\"noindex, nofollow\" \/>\n<meta property=\"og:locale\" content=\"it_IT\" \/>\n<meta property=\"og:type\" content=\"article\" \/>\n<meta property=\"og:title\" content=\"Dichiarazione di accessibilit\u00e0 - serrycamp\" \/>\n<meta property=\"og:description\" content=\"La societ\u00e0 GRUPO L\u00c1CTEO SERRYCAMP S.L.U. si impegna a rendere accessibile il proprio sito web in conformit\u00e0 al Regio Decreto 1112\/2018, del 7 settembre, sull&#8217;accessibilit\u00e0 dei&hellip; Seguir leyendo Dichiarazione di accessibilit\u00e0\" \/>\n<meta property=\"og:url\" content=\"https:\/\/serrycamp.es\/it\/dichiarazione-di-accessibilita\/\" \/>\n<meta property=\"og:site_name\" content=\"serrycamp\" \/>\n<meta property=\"article:modified_time\" content=\"2024-06-10T14:46:36+00:00\" \/>\n<meta name=\"twitter:card\" content=\"summary_large_image\" \/>\n<meta name=\"twitter:label1\" content=\"Tempo di lettura stimato\" \/>\n\t<meta name=\"twitter:data1\" content=\"2 minuti\" \/>\n<script type=\"application\/ld+json\" class=\"yoast-schema-graph\">{\"@context\":\"https:\/\/schema.org\",\"@graph\":[{\"@type\":\"WebPage\",\"@id\":\"https:\/\/serrycamp.es\/it\/dichiarazione-di-accessibilita\/\",\"url\":\"https:\/\/serrycamp.es\/it\/dichiarazione-di-accessibilita\/\",\"name\":\"Dichiarazione di accessibilit\u00e0 - serrycamp\",\"isPartOf\":{\"@id\":\"https:\/\/serrycamp.es\/it\/#website\"},\"datePublished\":\"2023-03-09T16:53:16+00:00\",\"dateModified\":\"2024-06-10T14:46:36+00:00\",\"breadcrumb\":{\"@id\":\"https:\/\/serrycamp.es\/it\/dichiarazione-di-accessibilita\/#breadcrumb\"},\"inLanguage\":\"it-IT\",\"potentialAction\":[{\"@type\":\"ReadAction\",\"target\":[\"https:\/\/serrycamp.es\/it\/dichiarazione-di-accessibilita\/\"]}]},{\"@type\":\"BreadcrumbList\",\"@id\":\"https:\/\/serrycamp.es\/it\/dichiarazione-di-accessibilita\/#breadcrumb\",\"itemListElement\":[{\"@type\":\"ListItem\",\"position\":1,\"name\":\"Portada\",\"item\":\"https:\/\/serrycamp.es\/it\/casa\/\"},{\"@type\":\"ListItem\",\"position\":2,\"name\":\"Dichiarazione di accessibilit\u00e0\"}]},{\"@type\":\"WebSite\",\"@id\":\"https:\/\/serrycamp.es\/it\/#website\",\"url\":\"https:\/\/serrycamp.es\/it\/\",\"name\":\"serrycamp\",\"description\":\"\",\"publisher\":{\"@id\":\"https:\/\/serrycamp.es\/it\/#organization\"},\"potentialAction\":[{\"@type\":\"SearchAction\",\"target\":{\"@type\":\"EntryPoint\",\"urlTemplate\":\"https:\/\/serrycamp.es\/it\/?s={search_term_string}\"},\"query-input\":\"required name=search_term_string\"}],\"inLanguage\":\"it-IT\"},{\"@type\":\"Organization\",\"@id\":\"https:\/\/serrycamp.es\/it\/#organization\",\"name\":\"serrycamp\",\"url\":\"https:\/\/serrycamp.es\/it\/\",\"logo\":{\"@type\":\"ImageObject\",\"inLanguage\":\"it-IT\",\"@id\":\"https:\/\/serrycamp.es\/it\/#\/schema\/logo\/image\/\",\"url\":\"https:\/\/serrycamp.es\/wp-content\/uploads\/2023\/01\/favicon-1.png\",\"contentUrl\":\"https:\/\/serrycamp.es\/wp-content\/uploads\/2023\/01\/favicon-1.png\",\"width\":500,\"height\":500,\"caption\":\"serrycamp\"},\"image\":{\"@id\":\"https:\/\/serrycamp.es\/it\/#\/schema\/logo\/image\/\"}}]}<\/script>\n<!-- \/ Yoast SEO plugin. -->","yoast_head_json":{"title":"Dichiarazione di accessibilit\u00e0 - serrycamp","robots":{"index":"noindex","follow":"nofollow"},"og_locale":"it_IT","og_type":"article","og_title":"Dichiarazione di accessibilit\u00e0 - serrycamp","og_description":"La societ\u00e0 GRUPO L\u00c1CTEO SERRYCAMP S.L.U. si impegna a rendere accessibile il proprio sito web in conformit\u00e0 al Regio Decreto 1112\/2018, del 7 settembre, sull&#8217;accessibilit\u00e0 dei&hellip; Seguir leyendo Dichiarazione di accessibilit\u00e0","og_url":"https:\/\/serrycamp.es\/it\/dichiarazione-di-accessibilita\/","og_site_name":"serrycamp","article_modified_time":"2024-06-10T14:46:36+00:00","twitter_card":"summary_large_image","twitter_misc":{"Tempo di lettura stimato":"2 minuti"},"schema":{"@context":"https:\/\/schema.org","@graph":[{"@type":"WebPage","@id":"https:\/\/serrycamp.es\/it\/dichiarazione-di-accessibilita\/","url":"https:\/\/serrycamp.es\/it\/dichiarazione-di-accessibilita\/","name":"Dichiarazione di accessibilit\u00e0 - serrycamp","isPartOf":{"@id":"https:\/\/serrycamp.es\/it\/#website"},"datePublished":"2023-03-09T16:53:16+00:00","dateModified":"2024-06-10T14:46:36+00:00","breadcrumb":{"@id":"https:\/\/serrycamp.es\/it\/dichiarazione-di-accessibilita\/#breadcrumb"},"inLanguage":"it-IT","potentialAction":[{"@type":"ReadAction","target":["https:\/\/serrycamp.es\/it\/dichiarazione-di-accessibilita\/"]}]},{"@type":"BreadcrumbList","@id":"https:\/\/serrycamp.es\/it\/dichiarazione-di-accessibilita\/#breadcrumb","itemListElement":[{"@type":"ListItem","position":1,"name":"Portada","item":"https:\/\/serrycamp.es\/it\/casa\/"},{"@type":"ListItem","position":2,"name":"Dichiarazione di accessibilit\u00e0"}]},{"@type":"WebSite","@id":"https:\/\/serrycamp.es\/it\/#website","url":"https:\/\/serrycamp.es\/it\/","name":"serrycamp","description":"","publisher":{"@id":"https:\/\/serrycamp.es\/it\/#organization"},"potentialAction":[{"@type":"SearchAction","target":{"@type":"EntryPoint","urlTemplate":"https:\/\/serrycamp.es\/it\/?s={search_term_string}"},"query-input":"required name=search_term_string"}],"inLanguage":"it-IT"},{"@type":"Organization","@id":"https:\/\/serrycamp.es\/it\/#organization","name":"serrycamp","url":"https:\/\/serrycamp.es\/it\/","logo":{"@type":"ImageObject","inLanguage":"it-IT","@id":"https:\/\/serrycamp.es\/it\/#\/schema\/logo\/image\/","url":"https:\/\/serrycamp.es\/wp-content\/uploads\/2023\/01\/favicon-1.png","contentUrl":"https:\/\/serrycamp.es\/wp-content\/uploads\/2023\/01\/favicon-1.png","width":500,"height":500,"caption":"serrycamp"},"image":{"@id":"https:\/\/serrycamp.es\/it\/#\/schema\/logo\/image\/"}}]}},"_links":{"self":[{"href":"https:\/\/serrycamp.es\/it\/wp-json\/wp\/v2\/pages\/910","targetHints":{"allow":["GET"]}}],"collection":[{"href":"https:\/\/serrycamp.es\/it\/wp-json\/wp\/v2\/pages"}],"about":[{"href":"https:\/\/serrycamp.es\/it\/wp-json\/wp\/v2\/types\/page"}],"author":[{"embeddable":true,"href":"https:\/\/serrycamp.es\/it\/wp-json\/wp\/v2\/users\/1"}],"replies":[{"embeddable":true,"href":"https:\/\/serrycamp.es\/it\/wp-json\/wp\/v2\/comments?post=910"}],"version-history":[{"count":1,"href":"https:\/\/serrycamp.es\/it\/wp-json\/wp\/v2\/pages\/910\/revisions"}],"predecessor-version":[{"id":1015,"href":"https:\/\/serrycamp.es\/it\/wp-json\/wp\/v2\/pages\/910\/revisions\/1015"}],"wp:attachment":[{"href":"https:\/\/serrycamp.es\/it\/wp-json\/wp\/v2\/media?parent=910"}],"curies":[{"name":"wp","href":"https:\/\/api.w.org\/{rel}","templated":true}]}}