{"id":1023,"date":"2024-01-18T20:09:42","date_gmt":"2024-01-18T19:09:42","guid":{"rendered":"https:\/\/serrycamp.es\/1023-2\/"},"modified":"2024-07-10T20:11:50","modified_gmt":"2024-07-10T18:11:50","slug":"1023-2","status":"publish","type":"page","link":"https:\/\/serrycamp.es\/it\/1023-2\/","title":{"rendered":"Servizi chiave per ottimizzare la stabilit\u00e0 della tua azienda"},"content":{"rendered":"<div id=\"tdi_53\" class=\"tdc-row stretch_row_1200 td-stretch-content\">\n<div class=\"vc_row tdi_54 wpb_row td-pb-row\">\n<div class=\"vc_column tdi_56 wpb_column vc_column_container tdc-column td-pb-span12\">\n<div class=\"wpb_wrapper\">\n<div class=\"td_block_wrap tdb_title tdi_57 tdb-single-title td-pb-border-top td_block_template_1\" data-td-block-uid=\"tdi_57\">\n<div class=\"tdb-block-inner td-fix-index\">\n<h1 class=\"tdb-title-text\"><img loading=\"lazy\" decoding=\"async\" class=\"entry-thumb entered litespeed-loaded\" style=\"font-size: 14px;\" title=\"ottimizzare la stabilit\u00e0 dell'azienda\" src=\"https:\/\/www.diariosigno.com\/wp-content\/uploads\/2024\/03\/optimizar-estabilidad-empresa.jpg\" sizes=\"auto, (max-width: 591px) 100vw, 591px\" srcset=\"https:\/\/www.diariosigno.com\/wp-content\/uploads\/2024\/03\/optimizar-estabilidad-empresa.jpg 591w, https:\/\/www.diariosigno.com\/wp-content\/uploads\/2024\/03\/optimizar-estabilidad-empresa-300x195.jpg 300w, https:\/\/www.diariosigno.com\/wp-content\/uploads\/2024\/03\/optimizar-estabilidad-empresa-150x98.jpg 150w\" alt=\"ottimizzare la stabilit\u00e0 dell'azienda\" width=\"591\" height=\"385\" data-lazyloaded=\"1\" data-src=\"https:\/\/www.diariosigno.com\/wp-content\/uploads\/2024\/03\/optimizar-estabilidad-empresa.jpg\" data-srcset=\"https:\/\/www.diariosigno.com\/wp-content\/uploads\/2024\/03\/optimizar-estabilidad-empresa.jpg 591w, https:\/\/www.diariosigno.com\/wp-content\/uploads\/2024\/03\/optimizar-estabilidad-empresa-300x195.jpg 300w, https:\/\/www.diariosigno.com\/wp-content\/uploads\/2024\/03\/optimizar-estabilidad-empresa-150x98.jpg 150w\" data-sizes=\"(max-width: 591px) 100vw, 591px\" data-ll-status=\"loaded\"><\/h1>\n<\/div>\n<\/div>\n<\/div>\n<\/div>\n<\/div>\n<\/div>\n<div id=\"tdi_70\" class=\"tdc-row\">\n<div class=\"vc_row tdi_71 wpb_row td-pb-row\">\n<div class=\"vc_column tdi_73 wpb_column vc_column_container tdc-column td-pb-span8\">\n<div class=\"wpb_wrapper\">\n<div class=\"td_block_wrap tdb_single_content tdi_75 td-pb-border-top td_block_template_1 td-post-content tagdiv-type\" data-td-block-uid=\"tdi_75\">\n<div class=\"tdb-block-inner td-fix-index\">\n<p><em>Gestire un&#8217;azienda e mantenerne la stabilit\u00e0 per il successo professionale non \u00e8 facile. Affinch\u00e9 un&#8217;azienda funzioni correttamente, \u00e8 fondamentale tenere conto di una lunga serie di elementi e, a tal fine, \u00e8 consigliabile delegare le funzioni ad alcune figure professionali. A questo proposito, le societ\u00e0 di consulenza e gli studi legali offrono servizi di alto livello per risolvere ogni problema aziendale. Anche investire in un&#8217;assicurazione aziendale \u00e8 un&#8217;ottima idea: una polizza che ti terr\u00e0 sotto controllo in caso di potenziali problemi che potrebbero mettere a repentaglio la redditivit\u00e0 della tua attivit\u00e0.<\/em><\/p>\n<h2 class=\"wp-block-heading\">Delega la gestione della tua attivit\u00e0 nelle mani di esperti<\/h2>\n<p>Le societ\u00e0 di consulenza sono uffici con team multidisciplinari che sono a disposizione delle aziende per <strong>affrontare le questioni pi\u00f9 rilevanti in termini di gestione aziendale<\/strong>. Ad esempio, con una <a href=\"https:\/\/asesoriafg.es\/\">consulenza del lavoro a Cordoba<\/a>, tutto ci\u00f2 che riguarda le prestazioni e l&#8217;assistenza dei dipendenti sar\u00e0 controllato in modo efficace, evitando problemi con il personale e ottimizzando la sua motivazione.<\/p>\n<p>Allo stesso modo, le societ\u00e0 di consulenza sono coinvolte nell&#8217;integrit\u00e0 economica dei loro clienti. Grazie a una <strong>gestione contabile impeccabile, a un attento monitoraggio di ogni transazione o a valutazioni periodiche<\/strong>, conoscerai ogni dettaglio sull&#8217;aspetto finanziario dell&#8217;azienda. Informazioni utili per prendere decisioni informate in vista della scalabilit\u00e0 aziendale.<\/p>\n<p>Strettamente legata al quadro economico \u00e8 la <strong>gestione fiscale fornita dalle societ\u00e0 di consulenza fiscale<\/strong>. Questi studi compileranno per te i moduli fiscali annuali e trimestrali, seguendo una valida strategia che favorisce il risparmio fiscale. Quindi s\u00ec: investire in una consulenza \u00e8 un&#8217;azione molto redditizia.<\/p>\n<\/div>\n<\/div>\n<\/div>\n<\/div>\n<\/div>\n<\/div>\n","protected":false},"excerpt":{"rendered":"<p>Gestire un&#8217;azienda e mantenerne la stabilit\u00e0 per il successo professionale non \u00e8 facile. Affinch\u00e9 un&#8217;azienda funzioni correttamente, \u00e8 fondamentale tenere conto di una lunga serie di&hellip; <a class=\"continue\" href=\"https:\/\/serrycamp.es\/it\/1023-2\/\">Seguir leyendo<span> Servizi chiave per ottimizzare la stabilit\u00e0 della tua azienda<\/span><\/a><\/p>\n","protected":false},"author":1,"featured_media":0,"parent":0,"menu_order":0,"comment_status":"closed","ping_status":"closed","template":"","meta":{"_monsterinsights_skip_tracking":false,"_monsterinsights_sitenote_active":false,"_monsterinsights_sitenote_note":"","_monsterinsights_sitenote_category":0,"footnotes":""},"class_list":["post-1023","page","type-page","status-publish","hentry"],"yoast_head":"<!-- This site is optimized with the Yoast SEO plugin v21.7 - https:\/\/yoast.com\/wordpress\/plugins\/seo\/ -->\n<title>Servizi chiave per ottimizzare la stabilit\u00e0 della tua azienda - serrycamp<\/title>\n<meta name=\"robots\" content=\"index, follow, max-snippet:-1, max-image-preview:large, max-video-preview:-1\" \/>\n<link rel=\"canonical\" href=\"https:\/\/serrycamp.es\/it\/1023-2\/\" \/>\n<meta property=\"og:locale\" content=\"it_IT\" \/>\n<meta property=\"og:type\" content=\"article\" \/>\n<meta property=\"og:title\" content=\"Servizi chiave per ottimizzare la stabilit\u00e0 della tua azienda - serrycamp\" \/>\n<meta property=\"og:description\" content=\"Gestire un&#8217;azienda e mantenerne la stabilit\u00e0 per il successo professionale non \u00e8 facile. Affinch\u00e9 un&#8217;azienda funzioni correttamente, \u00e8 fondamentale tenere conto di una lunga serie di&hellip; Seguir leyendo Servizi chiave per ottimizzare la stabilit\u00e0 della tua azienda\" \/>\n<meta property=\"og:url\" content=\"https:\/\/serrycamp.es\/it\/1023-2\/\" \/>\n<meta property=\"og:site_name\" content=\"serrycamp\" \/>\n<meta property=\"article:modified_time\" content=\"2024-07-10T18:11:50+00:00\" \/>\n<meta property=\"og:image\" content=\"https:\/\/www.diariosigno.com\/wp-content\/uploads\/2024\/03\/optimizar-estabilidad-empresa.jpg\" \/>\n<meta name=\"twitter:card\" content=\"summary_large_image\" \/>\n<meta name=\"twitter:label1\" content=\"Tempo di lettura stimato\" \/>\n\t<meta name=\"twitter:data1\" content=\"1 minuto\" \/>\n<script type=\"application\/ld+json\" class=\"yoast-schema-graph\">{\"@context\":\"https:\/\/schema.org\",\"@graph\":[{\"@type\":\"WebPage\",\"@id\":\"https:\/\/serrycamp.es\/it\/1023-2\/\",\"url\":\"https:\/\/serrycamp.es\/it\/1023-2\/\",\"name\":\"Servizi chiave per ottimizzare la stabilit\u00e0 della tua azienda - serrycamp\",\"isPartOf\":{\"@id\":\"https:\/\/serrycamp.es\/it\/#website\"},\"datePublished\":\"2024-01-18T19:09:42+00:00\",\"dateModified\":\"2024-07-10T18:11:50+00:00\",\"breadcrumb\":{\"@id\":\"https:\/\/serrycamp.es\/it\/1023-2\/#breadcrumb\"},\"inLanguage\":\"it-IT\",\"potentialAction\":[{\"@type\":\"ReadAction\",\"target\":[\"https:\/\/serrycamp.es\/it\/1023-2\/\"]}]},{\"@type\":\"BreadcrumbList\",\"@id\":\"https:\/\/serrycamp.es\/it\/1023-2\/#breadcrumb\",\"itemListElement\":[{\"@type\":\"ListItem\",\"position\":1,\"name\":\"Portada\",\"item\":\"https:\/\/serrycamp.es\/it\/casa\/\"},{\"@type\":\"ListItem\",\"position\":2,\"name\":\"Servizi chiave per ottimizzare la stabilit\u00e0 della tua azienda\"}]},{\"@type\":\"WebSite\",\"@id\":\"https:\/\/serrycamp.es\/it\/#website\",\"url\":\"https:\/\/serrycamp.es\/it\/\",\"name\":\"serrycamp\",\"description\":\"\",\"publisher\":{\"@id\":\"https:\/\/serrycamp.es\/it\/#organization\"},\"potentialAction\":[{\"@type\":\"SearchAction\",\"target\":{\"@type\":\"EntryPoint\",\"urlTemplate\":\"https:\/\/serrycamp.es\/it\/?s={search_term_string}\"},\"query-input\":\"required name=search_term_string\"}],\"inLanguage\":\"it-IT\"},{\"@type\":\"Organization\",\"@id\":\"https:\/\/serrycamp.es\/it\/#organization\",\"name\":\"serrycamp\",\"url\":\"https:\/\/serrycamp.es\/it\/\",\"logo\":{\"@type\":\"ImageObject\",\"inLanguage\":\"it-IT\",\"@id\":\"https:\/\/serrycamp.es\/it\/#\/schema\/logo\/image\/\",\"url\":\"https:\/\/serrycamp.es\/wp-content\/uploads\/2023\/01\/favicon-1.png\",\"contentUrl\":\"https:\/\/serrycamp.es\/wp-content\/uploads\/2023\/01\/favicon-1.png\",\"width\":500,\"height\":500,\"caption\":\"serrycamp\"},\"image\":{\"@id\":\"https:\/\/serrycamp.es\/it\/#\/schema\/logo\/image\/\"}}]}<\/script>\n<!-- \/ Yoast SEO plugin. -->","yoast_head_json":{"title":"Servizi chiave per ottimizzare la stabilit\u00e0 della tua azienda - serrycamp","robots":{"index":"index","follow":"follow","max-snippet":"max-snippet:-1","max-image-preview":"max-image-preview:large","max-video-preview":"max-video-preview:-1"},"canonical":"https:\/\/serrycamp.es\/it\/1023-2\/","og_locale":"it_IT","og_type":"article","og_title":"Servizi chiave per ottimizzare la stabilit\u00e0 della tua azienda - serrycamp","og_description":"Gestire un&#8217;azienda e mantenerne la stabilit\u00e0 per il successo professionale non \u00e8 facile. Affinch\u00e9 un&#8217;azienda funzioni correttamente, \u00e8 fondamentale tenere conto di una lunga serie di&hellip; Seguir leyendo Servizi chiave per ottimizzare la stabilit\u00e0 della tua azienda","og_url":"https:\/\/serrycamp.es\/it\/1023-2\/","og_site_name":"serrycamp","article_modified_time":"2024-07-10T18:11:50+00:00","og_image":[{"url":"https:\/\/www.diariosigno.com\/wp-content\/uploads\/2024\/03\/optimizar-estabilidad-empresa.jpg"}],"twitter_card":"summary_large_image","twitter_misc":{"Tempo di lettura stimato":"1 minuto"},"schema":{"@context":"https:\/\/schema.org","@graph":[{"@type":"WebPage","@id":"https:\/\/serrycamp.es\/it\/1023-2\/","url":"https:\/\/serrycamp.es\/it\/1023-2\/","name":"Servizi chiave per ottimizzare la stabilit\u00e0 della tua azienda - serrycamp","isPartOf":{"@id":"https:\/\/serrycamp.es\/it\/#website"},"datePublished":"2024-01-18T19:09:42+00:00","dateModified":"2024-07-10T18:11:50+00:00","breadcrumb":{"@id":"https:\/\/serrycamp.es\/it\/1023-2\/#breadcrumb"},"inLanguage":"it-IT","potentialAction":[{"@type":"ReadAction","target":["https:\/\/serrycamp.es\/it\/1023-2\/"]}]},{"@type":"BreadcrumbList","@id":"https:\/\/serrycamp.es\/it\/1023-2\/#breadcrumb","itemListElement":[{"@type":"ListItem","position":1,"name":"Portada","item":"https:\/\/serrycamp.es\/it\/casa\/"},{"@type":"ListItem","position":2,"name":"Servizi chiave per ottimizzare la stabilit\u00e0 della tua azienda"}]},{"@type":"WebSite","@id":"https:\/\/serrycamp.es\/it\/#website","url":"https:\/\/serrycamp.es\/it\/","name":"serrycamp","description":"","publisher":{"@id":"https:\/\/serrycamp.es\/it\/#organization"},"potentialAction":[{"@type":"SearchAction","target":{"@type":"EntryPoint","urlTemplate":"https:\/\/serrycamp.es\/it\/?s={search_term_string}"},"query-input":"required name=search_term_string"}],"inLanguage":"it-IT"},{"@type":"Organization","@id":"https:\/\/serrycamp.es\/it\/#organization","name":"serrycamp","url":"https:\/\/serrycamp.es\/it\/","logo":{"@type":"ImageObject","inLanguage":"it-IT","@id":"https:\/\/serrycamp.es\/it\/#\/schema\/logo\/image\/","url":"https:\/\/serrycamp.es\/wp-content\/uploads\/2023\/01\/favicon-1.png","contentUrl":"https:\/\/serrycamp.es\/wp-content\/uploads\/2023\/01\/favicon-1.png","width":500,"height":500,"caption":"serrycamp"},"image":{"@id":"https:\/\/serrycamp.es\/it\/#\/schema\/logo\/image\/"}}]}},"_links":{"self":[{"href":"https:\/\/serrycamp.es\/it\/wp-json\/wp\/v2\/pages\/1023","targetHints":{"allow":["GET"]}}],"collection":[{"href":"https:\/\/serrycamp.es\/it\/wp-json\/wp\/v2\/pages"}],"about":[{"href":"https:\/\/serrycamp.es\/it\/wp-json\/wp\/v2\/types\/page"}],"author":[{"embeddable":true,"href":"https:\/\/serrycamp.es\/it\/wp-json\/wp\/v2\/users\/1"}],"replies":[{"embeddable":true,"href":"https:\/\/serrycamp.es\/it\/wp-json\/wp\/v2\/comments?post=1023"}],"version-history":[{"count":3,"href":"https:\/\/serrycamp.es\/it\/wp-json\/wp\/v2\/pages\/1023\/revisions"}],"predecessor-version":[{"id":1030,"href":"https:\/\/serrycamp.es\/it\/wp-json\/wp\/v2\/pages\/1023\/revisions\/1030"}],"wp:attachment":[{"href":"https:\/\/serrycamp.es\/it\/wp-json\/wp\/v2\/media?parent=1023"}],"curies":[{"name":"wp","href":"https:\/\/api.w.org\/{rel}","templated":true}]}}